{"id":2053,"date":"2021-05-21T14:09:16","date_gmt":"2021-05-21T11:09:16","guid":{"rendered":"https:\/\/www.tuulisalmi.fi\/?page_id=2053"},"modified":"2023-10-16T12:56:44","modified_gmt":"2023-10-16T09:56:44","slug":"ostoehdot-2","status":"publish","type":"page","link":"https:\/\/www.tuulisalmi.fi\/index.php\/ostoehdot-2\/","title":{"rendered":""},"content":{"rendered":"\t\t<div data-elementor-type=\"wp-page\" data-elementor-id=\"2053\" class=\"elementor elementor-2053\" data-elementor-post-type=\"page\">\n\t\t\t\t\t\t<section class=\"elementor-section elementor-top-section elementor-element elementor-element-f1363cc elementor-section-boxed elementor-section-height-default elementor-section-height-default\" data-id=\"f1363cc\" data-element_type=\"section\" data-e-type=\"section\">\n\t\t\t\t\t\t<div class=\"elementor-container elementor-column-gap-default\">\n\t\t\t\t\t<div class=\"elementor-column elementor-col-100 elementor-top-column elementor-element elementor-element-4e36e83\" data-id=\"4e36e83\" data-element_type=\"column\" data-e-type=\"column\">\n\t\t\t<div class=\"elementor-widget-wrap elementor-element-populated\">\n\t\t\t\t\t\t<div class=\"elementor-element elementor-element-b1f6e25 elementor-widget elementor-widget-wp-widget-gtranslate\" data-id=\"b1f6e25\" data-element_type=\"widget\" data-e-type=\"widget\" data-widget_type=\"wp-widget-gtranslate.default\">\n\t\t\t\t<div class=\"elementor-widget-container\">\n\t\t\t\t\t<h5>Valitse kieli:<\/h5><div class=\"gtranslate_wrapper\" id=\"gt-wrapper-47013638\"><\/div>\t\t\t\t<\/div>\n\t\t\t\t<\/div>\n\t\t\t\t<div class=\"elementor-element elementor-element-1dde876 elementor-widget elementor-widget-spacer\" data-id=\"1dde876\" data-element_type=\"widget\" data-e-type=\"widget\" data-widget_type=\"spacer.default\">\n\t\t\t\t<div class=\"elementor-widget-container\">\n\t\t\t\t\t\t\t<div class=\"elementor-spacer\">\n\t\t\t<div class=\"elementor-spacer-inner\"><\/div>\n\t\t<\/div>\n\t\t\t\t\t\t<\/div>\n\t\t\t\t<\/div>\n\t\t\t\t<div class=\"elementor-element elementor-element-378f26d elementor-widget elementor-widget-heading\" data-id=\"378f26d\" data-element_type=\"widget\" data-e-type=\"widget\" data-widget_type=\"heading.default\">\n\t\t\t\t<div class=\"elementor-widget-container\">\n\t\t\t\t\t<h2 class=\"elementor-heading-title elementor-size-large\">Yleiset myyntiehdot<\/h2>\t\t\t\t<\/div>\n\t\t\t\t<\/div>\n\t\t\t\t<div class=\"elementor-element elementor-element-36e7671 elementor-widget elementor-widget-text-editor\" data-id=\"36e7671\" data-element_type=\"widget\" data-e-type=\"widget\" data-widget_type=\"text-editor.default\">\n\t\t\t\t<div class=\"elementor-widget-container\">\n\t\t\t\t\t\t\t\t\t<p><strong>Soveltamisala ja M\u00e4\u00e4ritelm\u00e4t<\/strong><\/p><p>N\u00e4m\u00e4 yleiset myyntiehdot koskevat Tuulisalmi Oy:n (\u201dMyyj\u00e4\u201d) ja elinkeinonharjoittajien (\u201dOstaja\u201d) v\u00e4lisi\u00e4 kauppoja<\/p><p><strong style=\"font-size: 1rem;\">Muutokset ja lis\u00e4ykset<\/strong><\/p><p>Myyj\u00e4 pid\u00e4tt\u00e4\u00e4 itsell\u00e4\u00e4n oikeuden \u201dYleisten myyntiehtojen\u201d muuttamiseen tarvittaessa. Voimassa oleva myyntiehto l\u00f6ytyy Myyj\u00e4n verkkosivuilta osoitteesta www.tuulisalmi.fi.<\/p><p><strong style=\"font-size: 1rem;\">Tilaus<\/strong><\/p><p>Tuotetilaukset tehd\u00e4\u00e4n joko suoraan Myyj\u00e4lle tai m\u00e4\u00e4ritellyn tilaustavan mukaisesti verkkokauppaan.<\/p><p>a) Verkkokauppamyynniss\u00e4 ostajan tulee rekister\u00f6ity\u00e4 verkkosivujen kautta asiakkaaksi, jolloin Myyj\u00e4 tarkistaa ja vahvista rekister\u00f6intitiedot ja voi halutessaan my\u00f6s olla vahvistamatta rekister\u00f6inti\u00e4, jos ep\u00e4ilee Ostajan tarkoitusperi\u00e4 (esim. kilpailija tms).<\/p><p>b) Kun rekister\u00f6inti on vahvistettu verkkokaupassa niin Ostaja voi jatkaa tilauksen tekoa ja Myyj\u00e4 voi vahvistaa tilauksen Ostajalle vastaanotettuaan tilauksen.<\/p><p>Molempia sitova sopimus astuu voimaan Myyj\u00e4n l\u00e4hetetty\u00e4 tilausvahvistuksen Ostajalle.<\/p><p><strong style=\"font-size: 1rem;\">Hinta ja maksun suorittaminen<\/strong><\/p><p>Hinnat ilmoitetaan ilman arvonlis\u00e4veroa tai muita lis\u00e4kuluja seuraavin ehdoin<\/p><p>a) Myyj\u00e4 pid\u00e4tt\u00e4\u00e4 itsell\u00e4\u00e4n oikeuden muuttaa toimitus- ja myyntiehtoja ilman etuk\u00e4teisilmoitusta.<\/p><p>b) Myyj\u00e4 pid\u00e4tt\u00e4\u00e4 itsell\u00e4\u00e4n my\u00f6s oikeuden hintojen tarkistukseen, mik\u00e4li valuuttakurssit, tuontimaksut tai muut tavarantoimittajasta riippumattomat maksut, verot tai muut julkisoikeudelliset maksut muuttuvat ennen ostajan maksusuoritusta.<\/p><p>c) Maksua koskien Myyj\u00e4 voi<\/p><p>&#8211; pyyt\u00e4\u00e4 etuk\u00e4teismaksua j\u00e4rjestelm\u00e4n mukaisesti (esimerkiksi verkkokauppamyynti)<\/p><p>&#8211; tai laskuttaa sovitun hinnan mukaisesti Tuotteiden l\u00e4hdetty\u00e4 Myyj\u00e4n varastosta, jolloin maksu suoritetaan 14 p\u00e4iv\u00e4n kuluessa laskun p\u00e4iv\u00e4yksest\u00e4, ellei muuta ole sovittu kirjallisesti.<\/p><p>d) Kokonaistilauksen arvonlis\u00e4verottoman arvon j\u00e4\u00e4dess\u00e4 alle 100 \u20ac veloitetaan 20 \u20ac pientoimituslis\u00e4 alv 0 %.<\/p><p>e) Mik\u00e4li Ostaja ei suorita laskua er\u00e4p\u00e4iv\u00e4\u00e4n menness\u00e4 on Myyj\u00e4ll\u00e4 oikeus peri\u00e4 viiv\u00e4styskorkoa kulloinkin soveltamansa korkokannan mukaisesti.<\/p><p><strong style=\"font-size: 1rem;\">Tekninen informaatio<\/strong><\/p><p>Vastaanotettua teknist\u00e4 tietoa ei ilman Myyj\u00e4n suostumusta voi k\u00e4ytt\u00e4\u00e4 muuhun tarkoitukseen kuin mihin se on luovutettu.<\/p><p><strong style=\"font-size: 1rem;\">Toimitusehdot ja toimitusaika<\/strong><\/p><p>Myyj\u00e4 toimittaa tuotteet Ostajalle seuraavin ehdoin:<\/p><p>a) Toimitus tapahtuu vapaasti tehtaalta\/vapaasti Myyj\u00e4n varastolta noudattaen Incoterms 2020 EXWORKS-ehtoja. Mahdolliset lavamaksut perit\u00e4\u00e4n laskutuksen yhteydess\u00e4.<\/p><p>b) Tuotteet toimitetaan ilmoitetun toimitusaikataulun mukaisesti tai osapuolten yhdess\u00e4 kirjallisesti sopiman muun aikataulun mukaisesti. Toimitusajalla tarkoitetaan Myyj\u00e4n Ostajalle ilmoittamaa p\u00e4iv\u00e4\u00e4, jolloin tuotteet ovat Ostajan noudettavissa.<\/p><p>c) Jos tuotteita on varastossa niin tavoitteena on toimitus kahden arkip\u00e4iv\u00e4n sis\u00e4ll\u00e4. Muussa tapauksessa ostajalle ilmoitetaan tuotteen toimitusaika.<\/p><p>d) Myyj\u00e4 voi my\u00f6s ehdottaa Ostajalle muita toimitusehtoja ja antaa sopia erikseen toimitustavasta.<\/p><p>e) Verkkokauppa-toimituksissa toimituslauseke on INCOTERMS 2020 CPT.<\/p><p>f) Jos toimitus verkkokaupassa on muualle kuin Suomeen, esim EU alueelle niin tarvittaessa sovittava erikseen.<\/p><p><strong style=\"font-size: 1rem;\">Vaaranvastuu<\/strong><\/p><p>Vaaranvastuu siirtyy ostajalle, kun tavara sopimuksen mukaisesti luovutetaan ostajalle tai itsen\u00e4isen rahdinkuljettajan kuljetettavaksi, jollei toimituslausekkeesta muuta johdu. Ellei tavaraa luovuteta oikeaan aikaan ja t\u00e4m\u00e4 johtuu ostajasta tai ostajan puolelta olevasta seikasta, vaaranvastuu siirtyy ostajalle, kun myyj\u00e4 on tehnyt sen mit\u00e4 h\u00e4nelt\u00e4 sopimuksen mukaan edellytet\u00e4\u00e4n luovutuksen mahdollistamiseksi<\/p><p><strong style=\"font-size: 1rem;\">Takuu<\/strong><\/p><p>Myydylle tavaralle on voimassa valmistajan ehtojen mukainen takuu, ellei toisin sovita.<\/p><p><strong style=\"font-size: 1rem;\">Toimitusviiv\u00e4stys<\/strong><\/p><p>Myyj\u00e4n on ilman viivytyst\u00e4 ilmoitettava Ostajalle, jos on aihetta ep\u00e4ill\u00e4 toimituksen my\u00f6h\u00e4styv\u00e4n. \u00a0<\/p><p>a) Tapauksissa, joissa toimituksen viiv\u00e4styminen johtuu<\/p><p>&#8211; ylivoimaisesta esteest\u00e4 (force majeure) tai<\/p><p>&#8211; Myyj\u00e4n tavarantoimittajalle tai Ostajalle aiheutuneesta teosta tai laiminly\u00f6nnist\u00e4 tai<\/p><p>&#8211; muusta toiminnasta<\/p><p>tulee toimitusaikaa pident\u00e4\u00e4 sopivaksi katsotulla ajalla.<\/p><p>b) Ostajalla on ainoastaan siin\u00e4 tapauksessa oikeus purkaa viiv\u00e4stynyt toimitus, jos sen on katsottu aiheuttavan kohtuutonta haittaa Ostajalle ja se ei johdu ylivoimaisesta esteest\u00e4 (Force Majeure) tai Myyj\u00e4n toiminnasta tai laiminly\u00f6nnist\u00e4. T\u00e4st\u00e4 on kuitenkin sovittava kirjallisesti.<\/p><p>c) Ostajalla on oikeus toimitusviiv\u00e4styksest\u00e4 johtuen vahingonkorvaukseen ainoastaan, mik\u00e4li asiasta on erikseen sovittu kirjallisesti.<\/p><p>d) Jos viiv\u00e4stys johtuu Myyj\u00e4n laiminly\u00f6nnist\u00e4, ostaja voi vaatia, mik\u00e4li h\u00e4n on vahinkoa k\u00e4rsinyt v\u00e4litt\u00f6mien vahinkojen osalta vahingonkorvausta, joka on alalla vallitsevan k\u00e4yt\u00e4nn\u00f6n mukainen, kuitenkin enint\u00e4\u00e4n 0,5 % my\u00f6h\u00e4styneen toimituksen arvosta kutakin toimitusp\u00e4iv\u00e4n j\u00e4lkeist\u00e4 t\u00e4ytt\u00e4 viikkoa kohden. Korvauksen kokonaism\u00e4\u00e4r\u00e4 voi kuitenkin nousta enint\u00e4\u00e4n 7,5 %:iin tavaran arvosta.<\/p><p>e) Myyj\u00e4ll\u00e4 on oikeus pid\u00e4tt\u00e4yty\u00e4 toimittamasta Tuotetta, mik\u00e4li Myyj\u00e4ll\u00e4 on perusteltu aihe kyseenalaistaa Ostajan maksukyky. Myyj\u00e4ll\u00e4 on kuitenkin velvollisuus toimittaa Tuote sellaisissa tapauksissa, joissa Ostaja kehotuksen saatuaan suorittaa maksun etuk\u00e4teen tai antaa Myyj\u00e4n hyv\u00e4ksym\u00e4n vakuuden. Myyj\u00e4ll\u00e4 ei ole mit\u00e4\u00e4n muita vastuita toimitusviiv\u00e4styksest\u00e4 johtuen kuin mit\u00e4 Toimitusviiv\u00e4stys-kappaleen alussa on mainittu.<\/p><p>f) Ostaja menett\u00e4\u00e4 oikeuden vahingon korvaukseen, mik\u00e4li h\u00e4n ei esit\u00e4 vaatimustaan Myyj\u00e4lle kuuden viikon aikana ilmoitetusta toimitusp\u00e4iv\u00e4st\u00e4.<\/p><p>g) Myyj\u00e4 ei vastaa mahdollisista v\u00e4lillisist\u00e4 tai v\u00e4litt\u00f6mist\u00e4 vahingoista mit\u00e4 viiv\u00e4stys aiheuttaa.<\/p><p><strong style=\"font-size: 1rem;\">Vastuu virheest\u00e4<\/strong><\/p><p>Myyj\u00e4 on velvollinen, oman valintansa mukaisesti, vaihtamaan tai korjaamaan tuotteessa olevan virheen, joka johtuu Tuotteen rakenteesta, materiaalista tai valmistuksesta.<\/p><p>a) Myyj\u00e4n vastuu ei ulotu virheisiin, jotka johtuvat<\/p><p>&#8211; tuotteen v\u00e4\u00e4r\u00e4nlaisesta k\u00e4yt\u00f6st\u00e4<\/p><p>&#8211; Ostajan toimittamasta materiaalista tai<\/p><p>&#8211; Ostajan materiaalin rakenteesta.<\/p><p>b) Myyj\u00e4n vastuu kattaa ainoastaan virheet, jotka ilmenev\u00e4t tuotteen toimituksesta Ostajalle ensimm\u00e4isen vuoden aikana.<\/p><p>c) Myyj\u00e4 ei ole vastuussa muista kuin kohdassa \u201dVastuu Virheest\u00e4\u201d mainituista virheist\u00e4. T\u00e4m\u00e4 koskee my\u00f6s jokaista seuraamustappiota, jota virhe voi aiheuttaa, esim. tuotannon tai voiton menett\u00e4minen.<\/p><p><strong style=\"font-size: 1rem;\">Reklamaatiot<\/strong><\/p><p>Jos toimitus on joltain osin virheellinen, tulee ostajan ilmoittaa asiasta Myyj\u00e4lle.<\/p><p>a) Ostajan tulee v\u00e4litt\u00f6m\u00e4sti ilmoittaa virheest\u00e4 myyj\u00e4lle kirjallisesti, kuitenkin viimeist\u00e4\u00e4n kahden kuukauden p\u00e4\u00e4st\u00e4 Tuotteen toimituksesta Ostajalle. Reklamaatiossa tulee ilmet\u00e4 selvitys virheest\u00e4.<\/p><p>b) Ostajan havaitessa Tuotteen luovutuksen yhteydess\u00e4 n\u00e4kyv\u00e4n virheen, esim. tuotevaurio tai vajaa toimitus, tulee asiasta ilmoittaa tuotteen vastaanoton yhteydess\u00e4 ja kirjata virhe tuotteen toimitusasiakirjaan tai muuhun sellaiseen. Mahdollinen piilovirhe tulee ilmoittaa kuljetusyritykselle\/Myyj\u00e4lle v\u00e4litt\u00f6m\u00e4sti, kuitenkin viimeist\u00e4\u00e4n 5 p\u00e4iv\u00e4\u00e4 tavaran vastaanotosta.<\/p><p>c) Mik\u00e4li Ostaja ei reklamoi edell\u00e4 mainittuina m\u00e4\u00e4r\u00e4aikoina, menett\u00e4\u00e4 h\u00e4n oikeutensa vaatia korvausta virheest\u00e4.<\/p><p><strong style=\"font-size: 1rem;\">Palautukset<\/strong><\/p><p>Tuotteen palautukset, kun Ostaja todennut niiss\u00e4 virheen.<\/p><p>a) Ainoastaan sellaiset palautukset hyv\u00e4ksyt\u00e4\u00e4n ilman lis\u00e4kuluja, joissa Myyj\u00e4 voidaan asettaa vastuuseen virheest\u00e4, esim. Virhetoimitukset tai valmistusvirheet.<\/p><p>b) Ennen t\u00e4llaista palautusta tulee Ostajan ottaa yhteys Myyj\u00e4\u00e4n saadakseen toimintaohjeet palautuksen osalta.<\/p><p>c) Muut mahdolliset palautukset tulee hyv\u00e4ksytt\u00e4\u00e4 etuk\u00e4teen Myyj\u00e4ll\u00e4. L\u00e4ht\u00f6kohtaisesti, jos Tuote on virheet\u00f6n, palautusta ei hyv\u00e4ksyt\u00e4. Palautushyv\u00e4ksynn\u00e4n kyselyss\u00e4 tulee viitteen\u00e4 esitt\u00e4\u00e4 Myyj\u00e4n tilaus- ja\/tai laskunumero. Tuotepalautuksessa tulee toimituksen liitteen\u00e4 olla Myyj\u00e4n kirjallinen palautushyv\u00e4ksynt\u00e4. Palautusrahdista vastaa Ostaja, jos ei muuta ole sovittu. Hyv\u00e4ksytty palautus tulee aina palauttaa alkuper\u00e4isiss\u00e4 pakkauksissa, jotka ovat vahingoittumattomia, merkitsem\u00e4tt\u00f6mi\u00e4 ja myyntikelpoisia. Myyj\u00e4 pid\u00e4tt\u00e4\u00e4 itsell\u00e4\u00e4n oikeuden k\u00e4sittelykuluihin, jotka aiheutuvat mm. tavaran purkamisesta ja tarkistamisesta. K\u00e4sittelykulut ovat minimiss\u00e4\u00e4n 5 % tavaran ostohinnasta, kuitenkin v\u00e4hint\u00e4\u00e4n 50 \u20ac alv. 0 %.<\/p><p>d) Palautetun tuotteen vastaanottotilanteessa Myyj\u00e4 tarkistaa, ett\u00e4 tuotepalautuksen kriteerit t\u00e4yttyv\u00e4t. T\u00e4m\u00e4n j\u00e4lkeen palautuksesta tehd\u00e4\u00e4n hyvityslasku.<\/p><p><strong style=\"font-size: 1rem;\">Sopimuksen purku<\/strong><\/p><p>Ostaja ja Myyj\u00e4 voivat purkaa tekem\u00e4ns\u00e4 sopimuksen seuraavin ehdoin.<\/p><p>a) Ostajalla on oikeus purkuun<\/p><p>&#8211; Mik\u00e4li myyj\u00e4n toimitus poikkeaa olennaisesti sovitusta eik\u00e4 puutetta ostajan kirjallisen huomautuksen johdosta kohtuullisessa ajassa korjata tai uutta sopimuksen mukaista tavaraa toimiteta tai jos myyj\u00e4st\u00e4 riippuvasta syyst\u00e4 toimitus viiv\u00e4styy siten, ett\u00e4 siit\u00e4 aiheutuu ostajalle kohtuutonta haittaa, on ostajalla oikeus purkaa sopimus.<\/p><p>&#8211; Jos kaupan kohteena oleva tavara on valmistettu tai hankittu erityisesti ostajaa varten h\u00e4nen ohjeidensa ja toivomustensa mukaisesti, eik\u00e4 myyj\u00e4 voi ilman huomattavaa tappiota k\u00e4ytt\u00e4\u00e4 tavaraa hyv\u00e4kseen muulla tavoin, saa ostaja purkaa kaupan myyj\u00e4n viiv\u00e4styksen vuoksi vain, jos kaupan tarkoitus j\u00e4\u00e4 h\u00e4nen osaltaan viiv\u00e4styksen vuoksi olennaisesti saavuttamatta.<\/p><p>b) Myyj\u00e4n oikeus purkuun<\/p><p>&#8211; Mik\u00e4li kauppahintaa ei makseta m\u00e4\u00e4r\u00e4aikana eik\u00e4 t\u00e4m\u00e4 johdu myyj\u00e4st\u00e4, on myyj\u00e4ll\u00e4 oikeus purkaa kauppa tai se osa kauppaa, jota koskevaa tavaraa ostaja ei ole viel\u00e4 vastaanottanut, mik\u00e4li viiv\u00e4stys on oleellinen.<\/p><p>&#8211; Myyj\u00e4ll\u00e4 on purkuoikeus my\u00f6s silloin, kun ostajan ilmoituksen perusteella tai muuten on ilmeist\u00e4, ett\u00e4 ostajan suoritus tulee viiv\u00e4stym\u00e4\u00e4n oleellisesti.<\/p><p>&#8211; Myyj\u00e4 voi lis\u00e4ksi purkaa kaupan, jos ostaja ei my\u00f6t\u00e4vaikuta kauppaan sovitulla kohtuuden edellytt\u00e4m\u00e4ll\u00e4 tavalla ja myyj\u00e4n asettamassa m\u00e4\u00e4r\u00e4ajassa.<\/p><p>&#8211; Myyj\u00e4ll\u00e4 on oikeus ilman korvausvelvollisuutta purkaa sopimus, mik\u00e4li tavaran maahantuonti tulee mahdottomaksi tai olennaisesti myyj\u00e4n alun perin edellytt\u00e4m\u00e4\u00e4 kalliimmaksi Suomea velvoittavan kansainv\u00e4lisen sopimuksen tai tuontia rajoittavan s\u00e4\u00e4d\u00f6ksen tai muun viranomaistoimen johdosta (esim. tuontikatot ja -rajoitukset tai korotetut tullit).<\/p><p><strong style=\"font-size: 1rem;\">Tuotevastuu<\/strong><\/p><p>Myyj\u00e4n tuotevastuu henkil\u00f6- tai omaisuusvahingoissa.<\/p><p>a) Myyj\u00e4 ei vastaa Ostajalle jo toimitetun Tuotteen aiheuttamasta henkil\u00f6- tai omaisuusvahingosta tai niiden seurauksesta.<\/p><p>b) Mik\u00e4li Ostaja joutuu vastuuseen kolmannelle osapuolelle aiheutuneesta vahingosta tai menetyksest\u00e4 edell\u00e4 olevan kohdan mukaisesti, ei Myyj\u00e4 ole siit\u00e4 vastuussa.<\/p><p>c) Molempien osapuolten tulee vastavuoroisesti pit\u00e4\u00e4 toinen osapuoli tietoisena kaikista Tuotteesta aiheutuneista vahingoista.<\/p><p><strong style=\"font-size: 1rem;\">Vastuu tuotteen aiheuttamasta vahingosta<\/strong><\/p><p>Myyj\u00e4 ei vastaa vahingosta, joka aiheutuu tavaran liitt\u00e4misest\u00e4 tai k\u00e4yt\u00f6st\u00e4 muussa yhteydess\u00e4 kuin mihin se on tarkoitettu eik\u00e4 vahingosta, joka aiheutuu ostajan antamien ohjeiden mukaisesta raaka-aineesta, tavaran rakenteesta tai ostajan m\u00e4\u00e4ritt\u00e4m\u00e4st\u00e4 ty\u00f6- tai valmistusmenetelm\u00e4st\u00e4<\/p><p><strong style=\"font-size: 1rem;\">Vakuutus<\/strong><\/p><p>Osapuolet huolehtivat tavaran vakuuttamisesta sovittujen toimitusehtojen osoittaman vastuunjaon mukaisesti. Muista vakuutuksista on erikseen sovittava.<\/p><p><strong style=\"font-size: 1rem;\">Omistusoikeuden siirtyminen<\/strong><\/p><p>Omistusoikeus tavaraan siirtyy ostajalle, kun koko kauppahinta on maksettu myyj\u00e4lle, ellei erikseen ole toisin sovittu<\/p><p><strong style=\"font-size: 1rem;\">Erimielisyyksien ratkaiseminen<\/strong><\/p><p>Myyj\u00e4n ja ostajan v\u00e4liseen sopimukseen liittyv\u00e4t erimielisyydet pyrit\u00e4\u00e4n ensisijaisesti ratkaisemaan osapuolten v\u00e4lisin neuvotteluin. Ellei toisin ole sovittu, riidat ratkaistaan v\u00e4limiesmenettelyss\u00e4 yhdenv\u00e4limiehen toimesta. V\u00e4limiehen asettaa Keskuskauppakamarin v\u00e4lityslautakunta ja v\u00e4limiesmenettelyss\u00e4 noudatetaan t\u00e4m\u00e4n lautakunnan s\u00e4\u00e4nt\u00f6j\u00e4. Myyj\u00e4ll\u00e4 on kuitenkin aina oikeus vaatia kauppaan perustuvaa er\u00e4\u00e4ntynytt\u00e4 saatavaansa myyj\u00e4n kotipaikan alioikeudessa.<\/p><p>T\u00e4h\u00e4n sopimukseen sovelletaan Suomen lakia.<\/p>\t\t\t\t\t\t\t\t<\/div>\n\t\t\t\t<\/div>\n\t\t\t\t\t<\/div>\n\t\t<\/div>\n\t\t\t\t\t<\/div>\n\t\t<\/section>\n\t\t\t\t<\/div>\n\t\t","protected":false},"excerpt":{"rendered":"<p>Yleiset myyntiehdot Soveltamisala ja M\u00e4\u00e4ritelm\u00e4t N\u00e4m\u00e4 yleiset myyntiehdot koskevat Tuulisalmi Oy:n (\u201dMyyj\u00e4\u201d) ja elinkeinonharjoittajien (\u201dOstaja\u201d) v\u00e4lisi\u00e4 kauppoja Muutokset ja lis\u00e4ykset Myyj\u00e4 pid\u00e4tt\u00e4\u00e4 itsell\u00e4\u00e4n oikeuden \u201dYleisten myyntiehtojen\u201d muuttamiseen tarvittaessa. Voimassa oleva myyntiehto l\u00f6ytyy Myyj\u00e4n verkkosivuilta osoitteesta www.tuulisalmi.fi. Tilaus Tuotetilaukset tehd\u00e4\u00e4n joko suoraan Myyj\u00e4lle tai m\u00e4\u00e4ritellyn tilaustavan mukaisesti verkkokauppaan. a) Verkkokauppamyynniss\u00e4 ostajan tulee rekister\u00f6ity\u00e4 verkkosivujen kautta asiakkaaksi, [&hellip;]<\/p>\n","protected":false},"author":1,"featured_media":0,"parent":0,"menu_order":0,"comment_status":"closed","ping_status":"closed","template":"","meta":{"footnotes":""},"class_list":["post-2053","page","type-page","status-publish","hentry"],"_links":{"self":[{"href":"https:\/\/www.tuulisalmi.fi\/index.php\/wp-json\/wp\/v2\/pages\/2053","targetHints":{"allow":["GET"]}}],"collection":[{"href":"https:\/\/www.tuulisalmi.fi\/index.php\/wp-json\/wp\/v2\/pages"}],"about":[{"href":"https:\/\/www.tuulisalmi.fi\/index.php\/wp-json\/wp\/v2\/types\/page"}],"author":[{"embeddable":true,"href":"https:\/\/www.tuulisalmi.fi\/index.php\/wp-json\/wp\/v2\/users\/1"}],"replies":[{"embeddable":true,"href":"https:\/\/www.tuulisalmi.fi\/index.php\/wp-json\/wp\/v2\/comments?post=2053"}],"version-history":[{"count":80,"href":"https:\/\/www.tuulisalmi.fi\/index.php\/wp-json\/wp\/v2\/pages\/2053\/revisions"}],"predecessor-version":[{"id":7430,"href":"https:\/\/www.tuulisalmi.fi\/index.php\/wp-json\/wp\/v2\/pages\/2053\/revisions\/7430"}],"wp:attachment":[{"href":"https:\/\/www.tuulisalmi.fi\/index.php\/wp-json\/wp\/v2\/media?parent=2053"}],"curies":[{"name":"wp","href":"https:\/\/api.w.org\/{rel}","templated":true}]}}