{"id":7240,"date":"2023-10-06T13:23:42","date_gmt":"2023-10-06T10:23:42","guid":{"rendered":"https:\/\/www.tuulisalmi.fi\/?page_id=7240"},"modified":"2026-03-24T19:23:06","modified_gmt":"2026-03-24T16:23:06","slug":"meista","status":"publish","type":"page","link":"https:\/\/www.tuulisalmi.fi\/index.php\/meista\/","title":{"rendered":""},"content":{"rendered":"\t\t<div data-elementor-type=\"wp-page\" data-elementor-id=\"7240\" class=\"elementor elementor-7240\" data-elementor-post-type=\"page\">\n\t\t\t\t\t\t<section class=\"elementor-section elementor-top-section elementor-element elementor-element-b19e8d5 elementor-section-boxed elementor-section-height-default elementor-section-height-default\" data-id=\"b19e8d5\" data-element_type=\"section\" data-e-type=\"section\">\n\t\t\t\t\t\t<div class=\"elementor-container elementor-column-gap-default\">\n\t\t\t\t\t<div class=\"elementor-column elementor-col-100 elementor-top-column elementor-element elementor-element-d537b44\" data-id=\"d537b44\" data-element_type=\"column\" data-e-type=\"column\">\n\t\t\t<div class=\"elementor-widget-wrap elementor-element-populated\">\n\t\t\t\t\t\t<div class=\"elementor-element elementor-element-c87f3b1 elementor-widget elementor-widget-wp-widget-gtranslate\" data-id=\"c87f3b1\" data-element_type=\"widget\" data-e-type=\"widget\" data-widget_type=\"wp-widget-gtranslate.default\">\n\t\t\t\t<div class=\"elementor-widget-container\">\n\t\t\t\t\t<h5>Valitse kieli:<\/h5><div class=\"gtranslate_wrapper\" id=\"gt-wrapper-50464409\"><\/div>\t\t\t\t<\/div>\n\t\t\t\t<\/div>\n\t\t\t\t<section class=\"elementor-section elementor-inner-section elementor-element elementor-element-4ae4c53 elementor-section-boxed elementor-section-height-default elementor-section-height-default\" data-id=\"4ae4c53\" data-element_type=\"section\" data-e-type=\"section\" data-settings=\"{&quot;background_background&quot;:&quot;classic&quot;}\">\n\t\t\t\t\t\t<div class=\"elementor-container elementor-column-gap-default\">\n\t\t\t\t\t<div class=\"elementor-column elementor-col-50 elementor-inner-column elementor-element elementor-element-fce6463\" data-id=\"fce6463\" data-element_type=\"column\" data-e-type=\"column\">\n\t\t\t<div class=\"elementor-widget-wrap elementor-element-populated\">\n\t\t\t\t\t\t<div class=\"elementor-element elementor-element-6e4a296 elementor-widget elementor-widget-text-editor\" data-id=\"6e4a296\" data-element_type=\"widget\" data-e-type=\"widget\" data-widget_type=\"text-editor.default\">\n\t\t\t\t<div class=\"elementor-widget-container\">\n\t\t\t\t\t\t\t\t\t<h4>KOKEMUS<\/h4><p>Yli 15 vuoden kokemus laiva-, julkistila- ja ulkovalaistuskohteista!<\/p>\t\t\t\t\t\t\t\t<\/div>\n\t\t\t\t<\/div>\n\t\t\t\t<div class=\"elementor-element elementor-element-95ef59b elementor-widget elementor-widget-text-editor\" data-id=\"95ef59b\" data-element_type=\"widget\" data-e-type=\"widget\" data-widget_type=\"text-editor.default\">\n\t\t\t\t<div class=\"elementor-widget-container\">\n\t\t\t\t\t\t\t\t\t<h4>TOIMINTATAPA<\/h4><p>Valmistus, entis\u00f6inti ja edustus.<\/p>\t\t\t\t\t\t\t\t<\/div>\n\t\t\t\t<\/div>\n\t\t\t\t\t<\/div>\n\t\t<\/div>\n\t\t\t\t<div class=\"elementor-column elementor-col-50 elementor-inner-column elementor-element elementor-element-975e68a\" data-id=\"975e68a\" data-element_type=\"column\" data-e-type=\"column\">\n\t\t\t<div class=\"elementor-widget-wrap elementor-element-populated\">\n\t\t\t\t\t\t<div class=\"elementor-element elementor-element-e2cc53e elementor-widget elementor-widget-text-editor\" data-id=\"e2cc53e\" data-element_type=\"widget\" data-e-type=\"widget\" data-widget_type=\"text-editor.default\">\n\t\t\t\t<div class=\"elementor-widget-container\">\n\t\t\t\t\t\t\t\t\t<h4>PALVELULUPAUS<\/h4><p>Kyky ja innostus l\u00f6yt\u00e4\u00e4 aina oikea valaisin joka projektiin!<\/p>\t\t\t\t\t\t\t\t<\/div>\n\t\t\t\t<\/div>\n\t\t\t\t<div class=\"elementor-element elementor-element-acd6f40 elementor-widget elementor-widget-text-editor\" data-id=\"acd6f40\" data-element_type=\"widget\" data-e-type=\"widget\" data-widget_type=\"text-editor.default\">\n\t\t\t\t<div class=\"elementor-widget-container\">\n\t\t\t\t\t\t\t\t\t<h4>KOTIMAISUUS<\/h4><p>Valmistus, alihankkijat ja j\u00e4lkimarkkinointi Suomessa.<\/p>\t\t\t\t\t\t\t\t<\/div>\n\t\t\t\t<\/div>\n\t\t\t\t\t<\/div>\n\t\t<\/div>\n\t\t\t\t\t<\/div>\n\t\t<\/section>\n\t\t\t\t\t<\/div>\n\t\t<\/div>\n\t\t\t\t\t<\/div>\n\t\t<\/section>\n\t\t\t\t<section class=\"elementor-section elementor-top-section elementor-element elementor-element-2955daf elementor-section-boxed elementor-section-height-default elementor-section-height-default\" data-id=\"2955daf\" data-element_type=\"section\" data-e-type=\"section\">\n\t\t\t\t\t\t<div class=\"elementor-container elementor-column-gap-default\">\n\t\t\t\t\t<div class=\"elementor-column elementor-col-100 elementor-top-column elementor-element elementor-element-c751540\" data-id=\"c751540\" data-element_type=\"column\" data-e-type=\"column\">\n\t\t\t<div class=\"elementor-widget-wrap elementor-element-populated\">\n\t\t\t\t\t\t<div class=\"elementor-element elementor-element-e90f99a elementor-widget elementor-widget-image\" data-id=\"e90f99a\" data-element_type=\"widget\" data-e-type=\"widget\" data-widget_type=\"image.default\">\n\t\t\t\t<div class=\"elementor-widget-container\">\n\t\t\t\t\t\t\t\t\t\t\t\t\t\t\t<img decoding=\"async\" width=\"300\" height=\"125\" src=\"https:\/\/www.tuulisalmi.fi\/wp-content\/uploads\/2023\/10\/cropped-WhatsApp-Image-2023-10-02-at-10.13.23-2-300x125.jpeg\" class=\"attachment-medium size-medium wp-image-7236\" alt=\"\" srcset=\"https:\/\/www.tuulisalmi.fi\/wp-content\/uploads\/2023\/10\/cropped-WhatsApp-Image-2023-10-02-at-10.13.23-2-300x125.jpeg 300w, https:\/\/www.tuulisalmi.fi\/wp-content\/uploads\/2023\/10\/cropped-WhatsApp-Image-2023-10-02-at-10.13.23-2-1024x427.jpeg 1024w, https:\/\/www.tuulisalmi.fi\/wp-content\/uploads\/2023\/10\/cropped-WhatsApp-Image-2023-10-02-at-10.13.23-2-768x320.jpeg 768w, https:\/\/www.tuulisalmi.fi\/wp-content\/uploads\/2023\/10\/cropped-WhatsApp-Image-2023-10-02-at-10.13.23-2.jpeg 1110w\" sizes=\"(max-width: 300px) 100vw, 300px\" \/>\t\t\t\t\t\t\t\t\t\t\t\t\t\t\t<\/div>\n\t\t\t\t<\/div>\n\t\t\t\t<div class=\"elementor-element elementor-element-53e3285 elementor-widget elementor-widget-text-editor\" data-id=\"53e3285\" data-element_type=\"widget\" data-e-type=\"widget\" data-widget_type=\"text-editor.default\">\n\t\t\t\t<div class=\"elementor-widget-container\">\n\t\t\t\t\t\t\t\t\t<p>Valmistus perustuu tehokkaaseen alihankintaverkostojen hy\u00f6dynt\u00e4miseen kotimaassa.<\/p><p>K\u00e4yt\u00f6ss\u00e4mme on laatuj\u00e4rjestelm\u00e4 ja auditoimme alihankkijamme.<\/p><p>Meill\u00e4 on oma mittauslaboratorio.<\/p>\t\t\t\t\t\t\t\t<\/div>\n\t\t\t\t<\/div>\n\t\t\t\t\t<\/div>\n\t\t<\/div>\n\t\t\t\t\t<\/div>\n\t\t<\/section>\n\t\t\t\t<section class=\"elementor-section elementor-top-section elementor-element elementor-element-a59c7dd elementor-section-boxed elementor-section-height-default elementor-section-height-default\" data-id=\"a59c7dd\" data-element_type=\"section\" data-e-type=\"section\">\n\t\t\t\t\t\t<div class=\"elementor-container elementor-column-gap-default\">\n\t\t\t\t\t<div class=\"elementor-column elementor-col-100 elementor-top-column elementor-element elementor-element-005383e\" data-id=\"005383e\" data-element_type=\"column\" data-e-type=\"column\">\n\t\t\t<div class=\"elementor-widget-wrap elementor-element-populated\">\n\t\t\t\t\t\t<div class=\"elementor-element elementor-element-4377ea1 elementor-shape-rounded elementor-grid-0 e-grid-align-center elementor-widget elementor-widget-social-icons\" data-id=\"4377ea1\" data-element_type=\"widget\" data-e-type=\"widget\" data-widget_type=\"social-icons.default\">\n\t\t\t\t<div class=\"elementor-widget-container\">\n\t\t\t\t\t\t\t<div class=\"elementor-social-icons-wrapper elementor-grid\" role=\"list\">\n\t\t\t\t\t\t\t<span class=\"elementor-grid-item\" role=\"listitem\">\n\t\t\t\t\t<a class=\"elementor-icon elementor-social-icon elementor-social-icon-facebook elementor-repeater-item-8ce886a\" href=\"https:\/\/www.facebook.com\/TuulisalmiOy\" target=\"_blank\">\n\t\t\t\t\t\t<span class=\"elementor-screen-only\">Facebook<\/span>\n\t\t\t\t\t\t<i aria-hidden=\"true\" class=\"fab fa-facebook\"><\/i>\t\t\t\t\t<\/a>\n\t\t\t\t<\/span>\n\t\t\t\t\t\t\t<span class=\"elementor-grid-item\" role=\"listitem\">\n\t\t\t\t\t<a class=\"elementor-icon elementor-social-icon elementor-social-icon-linkedin elementor-repeater-item-5594684\" href=\"https:\/\/www.linkedin.com\/company\/tuulisalmi-oy\/\" target=\"_blank\">\n\t\t\t\t\t\t<span class=\"elementor-screen-only\">Linkedin<\/span>\n\t\t\t\t\t\t<i aria-hidden=\"true\" class=\"fab fa-linkedin\"><\/i>\t\t\t\t\t<\/a>\n\t\t\t\t<\/span>\n\t\t\t\t\t<\/div>\n\t\t\t\t\t\t<\/div>\n\t\t\t\t<\/div>\n\t\t\t\t\t<\/div>\n\t\t<\/div>\n\t\t\t\t\t<\/div>\n\t\t<\/section>\n\t\t\t\t<\/div>\n\t\t","protected":false},"excerpt":{"rendered":"<p>KOKEMUS Yli 15 vuoden kokemus laiva-, julkistila- ja ulkovalaistuskohteista! TOIMINTATAPA Valmistus, entis\u00f6inti ja edustus. PALVELULUPAUS Kyky ja innostus l\u00f6yt\u00e4\u00e4 aina oikea valaisin joka projektiin! KOTIMAISUUS Valmistus, alihankkijat ja j\u00e4lkimarkkinointi Suomessa. Valmistus perustuu tehokkaaseen alihankintaverkostojen hy\u00f6dynt\u00e4miseen kotimaassa. K\u00e4yt\u00f6ss\u00e4mme on laatuj\u00e4rjestelm\u00e4 ja auditoimme alihankkijamme. Meill\u00e4 on oma mittauslaboratorio. Facebook Linkedin<\/p>\n","protected":false},"author":1,"featured_media":0,"parent":0,"menu_order":0,"comment_status":"closed","ping_status":"closed","template":"","meta":{"footnotes":""},"class_list":["post-7240","page","type-page","status-publish","hentry"],"_links":{"self":[{"href":"https:\/\/www.tuulisalmi.fi\/index.php\/wp-json\/wp\/v2\/pages\/7240","targetHints":{"allow":["GET"]}}],"collection":[{"href":"https:\/\/www.tuulisalmi.fi\/index.php\/wp-json\/wp\/v2\/pages"}],"about":[{"href":"https:\/\/www.tuulisalmi.fi\/index.php\/wp-json\/wp\/v2\/types\/page"}],"author":[{"embeddable":true,"href":"https:\/\/www.tuulisalmi.fi\/index.php\/wp-json\/wp\/v2\/users\/1"}],"replies":[{"embeddable":true,"href":"https:\/\/www.tuulisalmi.fi\/index.php\/wp-json\/wp\/v2\/comments?post=7240"}],"version-history":[{"count":53,"href":"https:\/\/www.tuulisalmi.fi\/index.php\/wp-json\/wp\/v2\/pages\/7240\/revisions"}],"predecessor-version":[{"id":9198,"href":"https:\/\/www.tuulisalmi.fi\/index.php\/wp-json\/wp\/v2\/pages\/7240\/revisions\/9198"}],"wp:attachment":[{"href":"https:\/\/www.tuulisalmi.fi\/index.php\/wp-json\/wp\/v2\/media?parent=7240"}],"curies":[{"name":"wp","href":"https:\/\/api.w.org\/{rel}","templated":true}]}}